{"id":9604,"date":"2015-08-10T06:57:21","date_gmt":"2015-08-10T06:57:21","guid":{"rendered":"https:\/\/dedobbeleermills.be\/landbouwers\/bakkers\/fr\/bakkers\/"},"modified":"2025-04-02T15:22:46","modified_gmt":"2025-04-02T15:22:46","slug":"home","status":"publish","type":"page","link":"https:\/\/www.dedobbeleermills.be\/landbouwers\/fr\/","title":{"rendered":"Home"},"content":{"rendered":"[vc_row][vc_column fade_animation=\u00a0\u00bbin-from-bottom\u00a0\u00bb width=\u00a0\u00bb1\/1&Prime;]<h2  class=\"h-custom-headline\" style=\"padding-top:0; margin-top:0;\"><span>Ch\u00e8r agriculteur,<\/span><\/h2><p>La SA Moulins Dedobbeleer SA est une entreprise familiale.<br \/>Apr\u00e8s la reprise d\u2019 un moulin \u00e0 Halle en 1862 par la famille Dedobbeleer, la soci\u00e9t\u00e9 s\u2019est d\u00e9velopp\u00e9, \u00e0 \u00e9volu\u00e9e au fils des ann\u00e9es pour devenir un producteur respect\u00e9 dans son domaine.<\/p>\n<p>Notre but majeur est de produire des aliments de qualit\u00e9s sup\u00e9rieurs \u00e0 partir des meilleures mati\u00e8res premi\u00e8res.<\/p>\n<p>Depuis 5 g\u00e9n\u00e9rations d\u00e9j\u00e0, nous sommes parvenus \u00e0 garder notre authenticit\u00e9 et notre ind\u00e9pendance dans un secteur ou la concentration et le concurrence est impitoyable.<\/p>\n[\/vc_column][\/vc_row][vc_row parallax=\u00a0\u00bbtrue\u00a0\u00bb bg_image=\u00a0\u00bb13945&Prime; style=\u00a0\u00bbmargin-left: -80px!important;margin-right: -80px !important;\u00a0\u00bb][vc_column width=\u00a0\u00bb1\/1&Prime;]<hr  class=\"x-gap\" style=\"margin: 20em 0 0 0;\">[\/vc_column][\/vc_row][vc_row][vc_column fade=\u00a0\u00bbtrue\u00a0\u00bb width=\u00a0\u00bb1\/1&Prime; id=\u00a0\u00bbgamma\u00a0\u00bb style=\u00a0\u00bbpadding-top:40px\u00a0\u00bb]<h2  class=\"h-custom-headline\" style=\"padding-top:0; margin-top:0;\"><span>GAMME<\/span><\/h2><p>Ces aliments peuvent \u00eatre utilis\u00e9s en agriculture biologique conform\u00e9ment aux r\u00e8glements (CE) n\u00b0 834\/2007 et n\u00b0889\/2008 (contr\u00f4le BE-BIO-02).<\/p>\n<p><strong>Presque 30 ans d\u2019exp\u00e9rience !<\/strong><\/p>\n<p>En tant que pioniers dans le secteur les moulins Dedobbeleer sont actifs comme fabricant d\u2019aliments biologiques depuis 1998. Nous avons une usine bien \u00e9quip\u00e9e conforme aux normes l\u00e9gales (ASFCA BE2082, TUV-NORD-INTEGRA), et d\u00e9marches qualit\u00e9 suppl\u00e9mentaire (Feed Chain Alliance).<br \/>En plus des normes l\u00e9gales, nos mati\u00e8res premi\u00e8res et produits finis sont soumis \u00e0 des analyses de qualit\u00e9.<br \/>Les mati\u00e8res premi\u00e8res d\u2019origine biologiques sont achet\u00e9es avec le plus grand soin. La v\u00e9rification de l\u2019origine biologique de nos mati\u00e8res premi\u00e8res est une priorit\u00e9 constante absolue pour notre gamme bio. Produire dans le respect de l\u2019environnement une nourriture saine pour l\u2019homme et l\u2019animal est notre d\u00e9marche.<\/p>\n<a  class=\"x-btn x-btn-regular alignleft\"  href=\"https:\/\/dedobbeleermills.be\/landbouwers\/fr\/pour-le-secteur-biologique\/\"     data-options=\"thumbnail: ''\">Pour le secteur biologique<\/a><a  class=\"x-btn x-btn-regular alignleft\"  href=\"https:\/\/dedobbeleermills.be\/landbouwers\/fr\/aliments-conventionnels\/\"     data-options=\"thumbnail: ''\">Aliments conventionnels<\/a>[\/vc_column][\/vc_row][vc_row no_margin=\u00a0\u00bbtrue\u00a0\u00bb marginless_columns=\u00a0\u00bbtrue\u00a0\u00bb style=\u00a0\u00bbmargin-left: -70px!important;margin-right: -70px !important;\u00a0\u00bb][vc_column width=\u00a0\u00bb1\/1&Prime;]<p><iframe loading=\"lazy\" style=\"border: 0;\" src=\"https:\/\/www.google.com\/maps\/embed?pb=!1m18!1m12!1m3!1d2525.1699404622873!2d4.2395054159250725!3d50.73533687467699!2m3!1f0!2f0!3f0!3m2!1i1024!2i768!4f13.1!3m3!1m2!1s0x47c3c8f870cd8ae3%3A0x25aa012c852bf40b!2sGraankaai+1%2C+1500+Halle!5e0!3m2!1snl!2sbe!4v1455891382664\" width=\"600\" height=\"450\" frameborder=\"0\" allowfullscreen=\"allowfullscreen\"><\/iframe><\/p>\n[\/vc_column][\/vc_row][vc_row padding_top=\u00a0\u00bb40px\u00a0\u00bb style=\u00a0\u00bbmargin:0px; padding:0px\u00a0\u00bb][vc_column fade=\u00a0\u00bbtrue\u00a0\u00bb width=\u00a0\u00bb1\/1&Prime; id=\u00a0\u00bbcontact\u00a0\u00bb]<h2  class=\"h-custom-headline\" ><span>\n<p>contact<\/p>\n<\/span><\/h2>[\/vc_column][\/vc_row][vc_row no_margin=\u00a0\u00bbtrue\u00a0\u00bb][vc_column fade=\u00a0\u00bbtrue\u00a0\u00bb fade_animation=\u00a0\u00bbin-from-left\u00a0\u00bb fade_animation_offset=\u00a0\u00bb25px\u00a0\u00bb width=\u00a0\u00bb1\/3&Prime;]<h2 style=\"margin-top: 0;\">Molens Dedobbeleer<\/h2>\n<p>Graankaai<br \/>1500 Halle<br \/>+32(0)23565012 tel<br \/>+32(0)23569355 fax<br \/>info@dedobbeleermills.be<\/p>\n<script type=\"text\/javascript\">var gform;gform||(document.addEventListener(\"gform_main_scripts_loaded\",function(){gform.scriptsLoaded=!0}),document.addEventListener(\"gform\/theme\/scripts_loaded\",function(){gform.themeScriptsLoaded=!0}),window.addEventListener(\"DOMContentLoaded\",function(){gform.domLoaded=!0}),gform={domLoaded:!1,scriptsLoaded:!1,themeScriptsLoaded:!1,isFormEditor:()=>\"function\"==typeof InitializeEditor,callIfLoaded:function(o){return!(!gform.domLoaded||!gform.scriptsLoaded||!gform.themeScriptsLoaded&&!gform.isFormEditor()||(gform.isFormEditor()&&console.warn(\"The use of gform.initializeOnLoaded() is deprecated in the form editor context and will be removed in Gravity Forms 3.1.\"),o(),0))},initializeOnLoaded:function(o){gform.callIfLoaded(o)||(document.addEventListener(\"gform_main_scripts_loaded\",()=>{gform.scriptsLoaded=!0,gform.callIfLoaded(o)}),document.addEventListener(\"gform\/theme\/scripts_loaded\",()=>{gform.themeScriptsLoaded=!0,gform.callIfLoaded(o)}),window.addEventListener(\"DOMContentLoaded\",()=>{gform.domLoaded=!0,gform.callIfLoaded(o)}))},hooks:{action:{},filter:{}},addAction:function(o,r,e,t){gform.addHook(\"action\",o,r,e,t)},addFilter:function(o,r,e,t){gform.addHook(\"filter\",o,r,e,t)},doAction:function(o){gform.doHook(\"action\",o,arguments)},applyFilters:function(o){return gform.doHook(\"filter\",o,arguments)},removeAction:function(o,r){gform.removeHook(\"action\",o,r)},removeFilter:function(o,r,e){gform.removeHook(\"filter\",o,r,e)},addHook:function(o,r,e,t,n){null==gform.hooks[o][r]&&(gform.hooks[o][r]=[]);var d=gform.hooks[o][r];null==n&&(n=r+\"_\"+d.length),gform.hooks[o][r].push({tag:n,callable:e,priority:t=null==t?10:t})},doHook:function(r,o,e){var t;if(e=Array.prototype.slice.call(e,1),null!=gform.hooks[r][o]&&((o=gform.hooks[r][o]).sort(function(o,r){return o.priority-r.priority}),o.forEach(function(o){\"function\"!=typeof(t=o.callable)&&(t=window[t]),\"action\"==r?t.apply(null,e):e[0]=t.apply(null,e)})),\"filter\"==r)return e[0]},removeHook:function(o,r,t,n){var e;null!=gform.hooks[o][r]&&(e=(e=gform.hooks[o][r]).filter(function(o,r,e){return!!(null!=n&&n!=o.tag||null!=t&&t!=o.priority)}),gform.hooks[o][r]=e)}});<\/script>\n                <div class='gf_browser_gecko gform_wrapper gform_legacy_markup_wrapper gform-theme--no-framework' data-form-theme='legacy' data-form-index='0' id='gform_wrapper_6' ><div id='gf_6' class='gform_anchor' tabindex='-1'><\/div><form method='post' enctype='multipart\/form-data' target='gform_ajax_frame_6' id='gform_6'  action='\/landbouwers\/fr\/wp-json\/wp\/v2\/pages\/9604#gf_6' data-formid='6' novalidate>\n                        <div class='gform-body gform_body'><ul id='gform_fields_6' class='gform_fields top_label form_sublabel_below description_below validation_below'><li id=\"field_6_1\" class=\"gfield gfield--type-text gfield_contains_required field_sublabel_below gfield--no-description field_description_below field_validation_below gfield_visibility_visible\"  data-js-reload=\"field_6_1\" ><label class='gfield_label gform-field-label' for='input_6_1'>Nom<span class=\"gfield_required\"><span class=\"gfield_required gfield_required_asterisk\">*<\/span><\/span><\/label><div class='ginput_container ginput_container_text'><input name='input_1' id='input_6_1' type='text' value='' class='medium'     aria-required=\"true\" aria-invalid=\"false\"   \/><\/div><\/li><li id=\"field_6_2\" class=\"gfield gfield--type-email gfield_contains_required field_sublabel_below gfield--no-description field_description_below field_validation_below gfield_visibility_visible\"  data-js-reload=\"field_6_2\" ><label class='gfield_label gform-field-label' for='input_6_2'>Adresse email<span class=\"gfield_required\"><span class=\"gfield_required gfield_required_asterisk\">*<\/span><\/span><\/label><div class='ginput_container ginput_container_email'>\n                            <input name='input_2' id='input_6_2' type='email' value='' class='medium'    aria-required=\"true\" aria-invalid=\"false\"  \/>\n                        <\/div><\/li><li id=\"field_6_3\" class=\"gfield gfield--type-textarea gfield_contains_required field_sublabel_below gfield--no-description field_description_below field_validation_below gfield_visibility_visible\"  data-js-reload=\"field_6_3\" ><label class='gfield_label gform-field-label' for='input_6_3'>Message<span class=\"gfield_required\"><span class=\"gfield_required gfield_required_asterisk\">*<\/span><\/span><\/label><div class='ginput_container ginput_container_textarea'><textarea name='input_3' id='input_6_3' class='textarea medium'     aria-required=\"true\" aria-invalid=\"false\"   rows='10' cols='50'><\/textarea><\/div><\/li><li id=\"field_6_5\" class=\"gfield gfield--type-gf_no_captcha_recaptcha field_sublabel_below gfield--no-description field_description_below field_validation_below gfield_visibility_visible\"  data-js-reload=\"field_6_5\" ><label class='gfield_label gform-field-label screen-reader-text' for='input_6_5'><\/label><div class=\"ginput_container\"><div class=\"g-recaptcha\" data-sitekey=\"6LdLKwsTAAAAAE4gNwcNnHIhYd2QFXX6ay0TD0Jj\" data-theme=\"light\"><\/div><\/div><\/li><\/ul><\/div>\n        <div class='gform-footer gform_footer top_label'> <input type='submit' id='gform_submit_button_6' class='gform_button button' onclick='gform.submission.handleButtonClick(this);' value='Envoyer'  \/> <input type='hidden' name='gform_ajax' value='form_id=6&amp;title=&amp;description=&amp;tabindex=0&amp;theme=legacy&amp;styles=[]&amp;hash=ed726569ab1926f144bd8e45a8f347dd' \/>\n            <input type='hidden' class='gform_hidden' name='gform_submission_method' data-js='gform_submission_method_6' value='iframe' \/>\n            <input type='hidden' class='gform_hidden' name='gform_theme' data-js='gform_theme_6' id='gform_theme_6' value='legacy' \/>\n            <input type='hidden' class='gform_hidden' name='gform_style_settings' data-js='gform_style_settings_6' id='gform_style_settings_6' value='[]' \/>\n            <input type='hidden' class='gform_hidden' name='is_submit_6' value='1' \/>\n            <input type='hidden' class='gform_hidden' name='gform_submit' value='6' \/>\n            \n            <input type='hidden' class='gform_hidden' name='gform_unique_id' value='' \/>\n            <input type='hidden' class='gform_hidden' name='state_6' value='WyJbXSIsIjhkNzc3MThiN2VmY2NkY2MwN2M3ZWUzNWJjNjJjZGYwIl0=' \/>\n            <input type='hidden' autocomplete='off' class='gform_hidden' name='gform_target_page_number_6' id='gform_target_page_number_6' value='0' \/>\n            <input type='hidden' autocomplete='off' class='gform_hidden' name='gform_source_page_number_6' id='gform_source_page_number_6' value='1' \/>\n            <input type='hidden' name='gform_field_values' value='' \/>\n            \n        <\/div>\n                        <p style=\"display: none !important;\" class=\"akismet-fields-container\" data-prefix=\"ak_\"><label>&#916;<textarea name=\"ak_hp_textarea\" cols=\"45\" rows=\"8\" maxlength=\"100\"><\/textarea><\/label><input type=\"hidden\" id=\"ak_js_1\" name=\"ak_js\" value=\"147\"\/><script>document.getElementById( \"ak_js_1\" ).setAttribute( \"value\", ( new Date() ).getTime() );<\/script><\/p><\/form>\n                        <\/div>\n\t\t                <iframe style='display:none;width:0px;height:0px;' src='about:blank' name='gform_ajax_frame_6' id='gform_ajax_frame_6' title='Cette iframe contient la logique n\u00e9cessaire pour manipuler Gravity Forms avec Ajax.'><\/iframe>\n\t\t                <script type=\"text\/javascript\">\ngform.initializeOnLoaded( function() {gformInitSpinner( 6, 'https:\/\/www.dedobbeleermills.be\/landbouwers\/wp-content\/plugins\/gravityforms\/images\/spinner.svg', true );jQuery('#gform_ajax_frame_6').on('load',function(){var contents = jQuery(this).contents().find('*').html();var is_postback = contents.indexOf('GF_AJAX_POSTBACK') >= 0;if(!is_postback){return;}var form_content = jQuery(this).contents().find('#gform_wrapper_6');var is_confirmation = jQuery(this).contents().find('#gform_confirmation_wrapper_6').length > 0;var is_redirect = contents.indexOf('gformRedirect(){') >= 0;var is_form = form_content.length > 0 && ! is_redirect && ! is_confirmation;var mt = parseInt(jQuery('html').css('margin-top'), 10) + parseInt(jQuery('body').css('margin-top'), 10) + 100;if(is_form){jQuery('#gform_wrapper_6').html(form_content.html());if(form_content.hasClass('gform_validation_error')){jQuery('#gform_wrapper_6').addClass('gform_validation_error');} else {jQuery('#gform_wrapper_6').removeClass('gform_validation_error');}setTimeout( function() { \/* delay the scroll by 50 milliseconds to fix a bug in chrome *\/ jQuery(document).scrollTop(jQuery('#gform_wrapper_6').offset().top - mt); }, 50 );if(window['gformInitDatepicker']) {gformInitDatepicker();}if(window['gformInitPriceFields']) {gformInitPriceFields();}var current_page = jQuery('#gform_source_page_number_6').val();gformInitSpinner( 6, 'https:\/\/www.dedobbeleermills.be\/landbouwers\/wp-content\/plugins\/gravityforms\/images\/spinner.svg', true );jQuery(document).trigger('gform_page_loaded', [6, current_page]);window['gf_submitting_6'] = false;}else if(!is_redirect){var confirmation_content = jQuery(this).contents().find('.GF_AJAX_POSTBACK').html();if(!confirmation_content){confirmation_content = contents;}jQuery('#gform_wrapper_6').replaceWith(confirmation_content);jQuery(document).scrollTop(jQuery('#gf_6').offset().top - mt);jQuery(document).trigger('gform_confirmation_loaded', [6]);window['gf_submitting_6'] = false;wp.a11y.speak(jQuery('#gform_confirmation_message_6').text());}else{jQuery('#gform_6').append(contents);if(window['gformRedirect']) {gformRedirect();}}jQuery(document).trigger(\"gform_pre_post_render\", [{ formId: \"6\", currentPage: \"current_page\", abort: function() { this.preventDefault(); } }]);                if (event && event.defaultPrevented) {                return;         }        const gformWrapperDiv = document.getElementById( \"gform_wrapper_6\" );        if ( gformWrapperDiv ) {            const visibilitySpan = document.createElement( \"span\" );            visibilitySpan.id = \"gform_visibility_test_6\";            gformWrapperDiv.insertAdjacentElement( \"afterend\", visibilitySpan );        }        const visibilityTestDiv = document.getElementById( \"gform_visibility_test_6\" );        let postRenderFired = false;                function triggerPostRender() {            if ( postRenderFired ) {                return;            }            postRenderFired = true;            jQuery( document ).trigger( 'gform_post_render', [6, current_page] );            gform.utils.trigger( { event: 'gform\/postRender', native: false, data: { formId: 6, currentPage: current_page } } );            gform.utils.trigger( { event: 'gform\/post_render', native: false, data: { formId: 6, currentPage: current_page } } );            if ( visibilityTestDiv ) {                visibilityTestDiv.parentNode.removeChild( visibilityTestDiv );            }        }        function debounce( func, wait, immediate ) {            var timeout;            return function() {                var context = this, args = arguments;                var later = function() {                    timeout = null;                    if ( !immediate ) func.apply( context, args );                };                var callNow = immediate && !timeout;                clearTimeout( timeout );                timeout = setTimeout( later, wait );                if ( callNow ) func.apply( context, args );            };        }        const debouncedTriggerPostRender = debounce( function() {            triggerPostRender();        }, 200 );        if ( visibilityTestDiv && visibilityTestDiv.offsetParent === null ) {            const observer = new MutationObserver( ( mutations ) => {                mutations.forEach( ( mutation ) => {                    if ( mutation.type === 'attributes' && visibilityTestDiv.offsetParent !== null ) {                        debouncedTriggerPostRender();                        observer.disconnect();                    }                });            });            observer.observe( document.body, {                attributes: true,                childList: false,                subtree: true,                attributeFilter: [ 'style', 'class' ],            });        } else {            triggerPostRender();        }    } );} );\n<\/script>\n[\/vc_column][vc_column fade=\u00a0\u00bbtrue\u00a0\u00bb fade_animation_offset=\u00a0\u00bb25px\u00a0\u00bb width=\u00a0\u00bb1\/3&Prime;]<h3 style=\"margin-top: 0px;\">Directeur<\/h3>\n<p><strong>Ren\u00e9 Dedobbeleer<\/strong><br \/><a href=\"mailto:Rene@dedobbeleermills.be\" target=\"_blank\" rel=\"noopener noreferrer\"><span lang=\"FR-BE\">rene@dedobbeleermills.be<\/span><\/a><\/p>\n<h3 style=\"margin-top: 0px;\">DIRECTEUR ALIMENTATION ANIMAUX<\/h3>\n<p><em>Achat de mati\u00e8res premi\u00e8res et c\u00e9r\u00e9ales r\u00e9gionales<br \/><\/em><strong>Pierre-Yves Piret<br \/><\/strong><a href=\"mailto:py@prodabio.be\" target=\"_blank\" rel=\"noopener noreferrer\">py@prodabio.be<\/a><\/p>\n<h3 style=\"margin-top: 0px;\">Responsable de qualit\u00e9<\/h3>\n<p><a href=\"mailto:quality@dedobbeleermills.be\">quality@dedobbeleermills.be<\/a><\/p>\n<p><strong><span class=\"il\">Nele Van Craenem<\/span><br \/><\/strong><a href=\"mailto:nele@dedobbeleermills.be\" target=\"_blank\" rel=\"noopener noreferrer\">nele@dedobbeleermills.be<\/a><strong><br \/><\/strong><\/p>\n<h3 style=\"margin-top: 0px;\">Commandes<\/h3>\n<p><a href=\"mailto:orders@dedobbeleermills.be\" target=\"_blank\" rel=\"noopener noreferrer\">orders@dedobbeleermills.be<\/a><\/p>\n[\/vc_column][vc_column fade=\u00a0\u00bbtrue\u00a0\u00bb fade_animation=\u00a0\u00bbin-from-right\u00a0\u00bb width=\u00a0\u00bb1\/3&Prime;]<h3 style=\"margin-top: 0px;\">Service de vente<\/h3>\n<p><strong>Maarten Michiels<\/strong><br \/>0491\/37.40.96<br \/><a href=\"mailto:info@michielsac.be\" target=\"_blank\" rel=\"noopener noreferrer\">info@michielsac.be<\/a><\/p>\n<p><strong>C\u00e9dric Maldague<\/strong><br \/>0473\/28.78.21<br \/><a href=\"mailto:cedric@prodabio.be\">cedric@prodabio.be<\/a><\/p>\n<p><strong>Bernard Mernier<\/strong><br \/>0476\/50.57.87<br \/><a href=\"mailto:bernard.mernier@pre-richaux.be\">bernard.mernier@pre-richaux.be<\/a><\/p>\n<h3 style=\"margin-top: 0px;\">Responsable de la fabrication<\/h3>\n<p><strong>Stephane Vanderperre<\/strong><br \/><a href=\"mailto:stephane@dedobbeleermills.be\">stephane@dedobbeleermills.be<\/a><\/p>\n<h3 style=\"margin-top: 0px;\">Heures d&rsquo;ouverture<\/h3>\n<p>Lundi 08:00 \u2013 12:00 &amp; 13:00 \u2013 16:45<br \/>Mardi 08:00 \u2013 12:00 &amp; 13:00 \u2013 16:45<br \/>Mercredi 08:00 \u2013 12:00 &amp; 13:00 \u2013 16:45<br \/>Jeudi 08:00 \u2013 12:00 &amp; 13:00 \u2013 16:45<br \/>Vendredi 08:00 \u2013 12:00 &amp; 13:00 \u2013 16:00<br \/>Samedi FERME<br \/>Dimanche FERME <\/p>\n[\/vc_column][\/vc_row]\n\n\n<p><\/p>\n<!-- AddThis Advanced Settings generic via filter on the_content --><!-- AddThis Share Buttons generic via filter on the_content -->","protected":false},"excerpt":{"rendered":"<p>[vc_row][vc_column fade_animation=\u00a0\u00bbin-from-bottom\u00a0\u00bb width=\u00a0\u00bb1\/1&Prime;][\/vc_column][\/vc_row][vc_row parallax=\u00a0\u00bbtrue\u00a0\u00bb bg_image=\u00a0\u00bb13945&Prime; style=\u00a0\u00bbmargin-left: -80px!important;margin-right: -80px !important;\u00a0\u00bb][vc_column width=\u00a0\u00bb1\/1&Prime;][\/vc_column][\/vc_row][vc_row][vc_column fade=\u00a0\u00bbtrue\u00a0\u00bb width=\u00a0\u00bb1\/1&Prime; id=\u00a0\u00bbgamma\u00a0\u00bb style=\u00a0\u00bbpadding-top:40px\u00a0\u00bb][\/vc_column][\/vc_row][vc_row no_margin=\u00a0\u00bbtrue\u00a0\u00bb marginless_columns=\u00a0\u00bbtrue\u00a0\u00bb style=\u00a0\u00bbmargin-left: -70px!important;margin-right: -70px !important;\u00a0\u00bb][vc_column width=\u00a0\u00bb1\/1&Prime;][\/vc_column][\/vc_row][vc_row padding_top=\u00a0\u00bb40px\u00a0\u00bb style=\u00a0\u00bbmargin:0px; padding:0px\u00a0\u00bb][vc_column fade=\u00a0\u00bbtrue\u00a0\u00bb width=\u00a0\u00bb1\/1&Prime; id=\u00a0\u00bbcontact\u00a0\u00bb][\/vc_column][\/vc_row][vc_row no_margin=\u00a0\u00bbtrue\u00a0\u00bb][vc_column fade=\u00a0\u00bbtrue\u00a0\u00bb fade_animation=\u00a0\u00bbin-from-left\u00a0\u00bb fade_animation_offset=\u00a0\u00bb25px\u00a0\u00bb width=\u00a0\u00bb1\/3&Prime;][\/vc_column][vc_column fade=\u00a0\u00bbtrue\u00a0\u00bb fade_animation_offset=\u00a0\u00bb25px\u00a0\u00bb width=\u00a0\u00bb1\/3&Prime;][\/vc_column][vc_column fade=\u00a0\u00bbtrue\u00a0\u00bb &#8230;<!-- AddThis Advanced Settings generic via filter on get_the_excerpt --><!-- AddThis Share Buttons generic via filter on get_the_excerpt --><\/p>\n","protected":false},"author":5,"featured_media":0,"parent":0,"menu_order":0,"comment_status":"closed","ping_status":"closed","template":"template-blank-1.php","meta":[],"_links":{"self":[{"href":"https:\/\/www.dedobbeleermills.be\/landbouwers\/fr\/wp-json\/wp\/v2\/pages\/9604"}],"collection":[{"href":"https:\/\/www.dedobbeleermills.be\/landbouwers\/fr\/wp-json\/wp\/v2\/pages"}],"about":[{"href":"https:\/\/www.dedobbeleermills.be\/landbouwers\/fr\/wp-json\/wp\/v2\/types\/page"}],"author":[{"embeddable":true,"href":"https:\/\/www.dedobbeleermills.be\/landbouwers\/fr\/wp-json\/wp\/v2\/users\/5"}],"replies":[{"embeddable":true,"href":"https:\/\/www.dedobbeleermills.be\/landbouwers\/fr\/wp-json\/wp\/v2\/comments?post=9604"}],"version-history":[{"count":7,"href":"https:\/\/www.dedobbeleermills.be\/landbouwers\/fr\/wp-json\/wp\/v2\/pages\/9604\/revisions"}],"predecessor-version":[{"id":14288,"href":"https:\/\/www.dedobbeleermills.be\/landbouwers\/fr\/wp-json\/wp\/v2\/pages\/9604\/revisions\/14288"}],"wp:attachment":[{"href":"https:\/\/www.dedobbeleermills.be\/landbouwers\/fr\/wp-json\/wp\/v2\/media?parent=9604"}],"curies":[{"name":"wp","href":"https:\/\/api.w.org\/{rel}","templated":true}]}}