{"id":13505,"date":"2016-02-16T09:00:25","date_gmt":"2016-02-16T09:00:25","guid":{"rendered":"https:\/\/dedobbeleermills.be\/bakkers\/fr\/?page_id=13505"},"modified":"2016-10-10T14:26:12","modified_gmt":"2016-10-10T14:26:12","slug":"fibraline-multi","status":"publish","type":"page","link":"https:\/\/www.dedobbeleermills.be\/bakkers\/fr\/technische-fiches\/fibraline-multi\/","title":{"rendered":"Fibraline Multi"},"content":{"rendered":"Vous devez \u00eatre connect\u00e9 pour voir ce contenu.","protected":false},"excerpt":{"rendered":"Vous devez \u00eatre connect\u00e9 pour voir ce contenu.","protected":false},"author":5,"featured_media":0,"parent":10355,"menu_order":0,"comment_status":"closed","ping_status":"closed","template":"","meta":[],"_links":{"self":[{"href":"https:\/\/www.dedobbeleermills.be\/bakkers\/fr\/wp-json\/wp\/v2\/pages\/13505"}],"collection":[{"href":"https:\/\/www.dedobbeleermills.be\/bakkers\/fr\/wp-json\/wp\/v2\/pages"}],"about":[{"href":"https:\/\/www.dedobbeleermills.be\/bakkers\/fr\/wp-json\/wp\/v2\/types\/page"}],"author":[{"embeddable":true,"href":"https:\/\/www.dedobbeleermills.be\/bakkers\/fr\/wp-json\/wp\/v2\/users\/5"}],"replies":[{"embeddable":true,"href":"https:\/\/www.dedobbeleermills.be\/bakkers\/fr\/wp-json\/wp\/v2\/comments?post=13505"}],"version-history":[{"count":2,"href":"https:\/\/www.dedobbeleermills.be\/bakkers\/fr\/wp-json\/wp\/v2\/pages\/13505\/revisions"}],"predecessor-version":[{"id":13536,"href":"https:\/\/www.dedobbeleermills.be\/bakkers\/fr\/wp-json\/wp\/v2\/pages\/13505\/revisions\/13536"}],"up":[{"embeddable":true,"href":"https:\/\/www.dedobbeleermills.be\/bakkers\/fr\/wp-json\/wp\/v2\/pages\/10355"}],"wp:attachment":[{"href":"https:\/\/www.dedobbeleermills.be\/bakkers\/fr\/wp-json\/wp\/v2\/media?parent=13505"}],"curies":[{"name":"wp","href":"https:\/\/api.w.org\/{rel}","templated":true}]}}