{"id":13504,"date":"2016-02-16T09:00:57","date_gmt":"2016-02-16T09:00:57","guid":{"rendered":"https:\/\/dedobbeleermills.be\/bakkers\/fr\/?page_id=13504"},"modified":"2016-10-10T14:26:18","modified_gmt":"2016-10-10T14:26:18","slug":"fibraline-deluxe","status":"publish","type":"page","link":"https:\/\/www.dedobbeleermills.be\/bakkers\/fr\/technische-fiches\/fibraline-deluxe\/","title":{"rendered":"Fibraline Deluxe"},"content":{"rendered":"Vous devez \u00eatre connect\u00e9 pour voir ce contenu.","protected":false},"excerpt":{"rendered":"Vous devez \u00eatre connect\u00e9 pour voir ce contenu.","protected":false},"author":5,"featured_media":0,"parent":10355,"menu_order":0,"comment_status":"closed","ping_status":"closed","template":"","meta":[],"_links":{"self":[{"href":"https:\/\/www.dedobbeleermills.be\/bakkers\/fr\/wp-json\/wp\/v2\/pages\/13504"}],"collection":[{"href":"https:\/\/www.dedobbeleermills.be\/bakkers\/fr\/wp-json\/wp\/v2\/pages"}],"about":[{"href":"https:\/\/www.dedobbeleermills.be\/bakkers\/fr\/wp-json\/wp\/v2\/types\/page"}],"author":[{"embeddable":true,"href":"https:\/\/www.dedobbeleermills.be\/bakkers\/fr\/wp-json\/wp\/v2\/users\/5"}],"replies":[{"embeddable":true,"href":"https:\/\/www.dedobbeleermills.be\/bakkers\/fr\/wp-json\/wp\/v2\/comments?post=13504"}],"version-history":[{"count":2,"href":"https:\/\/www.dedobbeleermills.be\/bakkers\/fr\/wp-json\/wp\/v2\/pages\/13504\/revisions"}],"predecessor-version":[{"id":13537,"href":"https:\/\/www.dedobbeleermills.be\/bakkers\/fr\/wp-json\/wp\/v2\/pages\/13504\/revisions\/13537"}],"up":[{"embeddable":true,"href":"https:\/\/www.dedobbeleermills.be\/bakkers\/fr\/wp-json\/wp\/v2\/pages\/10355"}],"wp:attachment":[{"href":"https:\/\/www.dedobbeleermills.be\/bakkers\/fr\/wp-json\/wp\/v2\/media?parent=13504"}],"curies":[{"name":"wp","href":"https:\/\/api.w.org\/{rel}","templated":true}]}}